{"id":699,"date":"2023-04-05T17:08:12","date_gmt":"2023-04-05T15:08:12","guid":{"rendered":"http:\/\/www.acondo.eu\/karriere\/"},"modified":"2025-09-29T17:56:39","modified_gmt":"2025-09-29T15:56:39","slug":"karriere","status":"publish","type":"page","link":"http:\/\/www.acondo.eu\/?page_id=699","title":{"rendered":"Karriere"},"content":{"rendered":"<div data-colibri-id=\"699-c1\" class=\"style-687 style-local-699-c1 position-relative\">\n  <!---->\n  <div data-colibri-component=\"section\" data-colibri-id=\"699-c2\" id=\"wplo-bullet\" class=\"h-section h-section-global-spacing d-flex align-items-lg-center align-items-md-center align-items-center style-688 style-local-699-c2 wplo-bullet position-relative\">\n    <!---->\n    <!---->\n    <div class=\"h-section-grid-container h-section-boxed-container\">\n      <!---->\n      <div data-colibri-id=\"699-c3\" class=\"h-row-container gutters-row-lg-3 gutters-row-md-3 gutters-row-0 gutters-row-v-lg-3 gutters-row-v-md-3 gutters-row-v-3 style-689 style-local-699-c3 position-relative\">\n        <!---->\n        <div class=\"h-row justify-content-lg-center justify-content-md-center justify-content-center align-items-lg-center align-items-md-center align-items-center gutters-col-lg-3 gutters-col-md-3 gutters-col-0 gutters-col-v-lg-3 gutters-col-v-md-3 gutters-col-v-3\">\n          <!---->\n          <div class=\"h-column h-column-container d-flex h-col-lg-auto h-col-md-auto h-col-auto align-self-lg-center align-self-md-center align-self-center style-690-outer style-local-699-c4-outer\">\n            <div data-colibri-id=\"699-c4\" class=\"d-flex h-flex-basis h-column__inner h-px-lg-1 h-px-md-1 h-px-1 v-inner-lg-1 v-inner-md-1 v-inner-1 style-690 style-local-699-c4 position-relative\">\n              <!---->\n              <!---->\n              <div class=\"w-100 h-y-container h-column__content h-column__v-align flex-basis-100 align-self-lg-start align-self-md-start align-self-start\">\n                <!---->\n                <div data-colibri-id=\"699-c5\" class=\"h-text h-text-component style-763 style-local-699-c5 position-relative h-element\">\n                  <!---->\n                  <!---->\n                  <div class=\"\">\n                    <h4><strong style=\"font-family: Jura; font-weight: 500; color: rgb(2, 87, 23);\">Karriere im Holzmodul- \/ Elementbau <\/strong><\/h4>\n                    <h4><strong style=\"font-family: Jura; font-weight: 500; color: rgb(2, 87, 23);\">Klimaneutrale Zukunft mitgestalten!<\/strong><\/h4>\n                    <p><span style=\"color: rgb(1, 1, 1);\">Du hast Interesse an einer Top Karrierechance, bist qualit\u00e4tsbewusst und hast Freude daran, ergebnisorientiert im Team zu arbeiten? Dann sollten wir uns kennenlernen!<\/span><\/p>\n                    <p><span style=\"color: rgb(1, 1, 1);\">Wir suchen einen Klimaverbesserer*in, der ein Faible f\u00fcr nachhaltige und energieeffiziente Bauma\u00dfnahmen im Modul\/Elementbau hat.<\/span><\/p>\n                    <p><span style=\"font-weight: 600; color: rgb(1, 1, 1);\">Projektleiter*in Holzmodul- \/ Elementbau (m\/w\/d)<\/span><\/p>\n                    <p><span style=\"font-weight: 600; color: rgb(1, 1, 1);\">Deine Aufgaben<\/span><span style=\"color: rgb(1, 1, 1);\">&nbsp;beinhalten<\/span><\/p>\n                    <ul>\n                      <li><span style=\"color: rgb(1, 1, 1);\">Projektplanung und Projektentwicklung LP 1-2<\/span><\/li>\n                      <li><span style=\"color: rgb(1, 1, 1);\">Bauantragsplanung LP 3-4<\/span><\/li>\n                      <li><span style=\"color: rgb(1, 1, 1);\">Kostenkalkulation<\/span><\/li>\n                      <li><span style=\"color: rgb(1, 1, 1);\">Ausschreibungen LP 6<\/span><\/li>\n                      <li><span style=\"color: rgb(1, 1, 1);\">Auftragsvergabe LP 7<\/span><\/li>\n                      <li><span style=\"color: rgb(1, 1, 1);\"> Projekt\u00fcberwachung LP 8<\/span><\/li>\n                      <li><span style=\"color: rgb(1, 1, 1);\">Einf\u00fchrung des BIM und Digitalisierung<\/span><\/li>\n                    <\/ul>\n                    <p><span style=\"font-weight: 600; color: rgb(1, 1, 1);\">Das solltest&nbsp;<\/span><span style=\"color: rgb(1, 1, 1);\">du mitbringen<\/span><\/p>\n                    <ul>\n                      <li><span style=\"color: rgb(1, 1, 1);\">Mindestens 5 Jahr Berufserfahrung (Architekt*in, Bauingenieur*in, oder Bautechniker*in)&nbsp;<\/span><\/li>\n                      <li><span style=\"color: rgb(1, 1, 1);\">Selbstst\u00e4ndige und eigenverantwortliche Arbeitsweise im Team<\/span><\/li>\n                      <li><span style=\"color: rgb(1, 1, 1);\">Belastbar und zuverl\u00e4ssig<\/span><\/li>\n                      <li><span style=\"color: rgb(1, 1, 1);\">Erfahrungen mit CAD, AVA und anderen Systemen<\/span><\/li>\n                      <li><span style=\"color: rgb(1, 1, 1);\">Du interessierst dich f\u00fcr das nachhaltige Bauen<\/span><\/li>\n                    <\/ul>\n                    <p><span style=\"font-weight: 600; color: rgb(1, 1, 1);\">Die Concept + Modul GmbH&nbsp;<\/span><span style=\"color: rgb(1, 1, 1);\">hat viel zu bieten<\/span><\/p>\n                    <p><span style=\"font-weight: 600; color: rgb(1, 1, 1);\">Mit uns zu arbeiten, macht immer ein Qu\u00e4ntchen mehr Spa\u00df.<\/span><span style=\"color: rgb(1, 1, 1);\">&nbsp;Wir sind freundlich, fr\u00f6hlich, nahbar, l\u00f6sungsorientiert und vielleicht auch ein bisschen verr\u00fcckt \u2013 im positiven Sinne. Trotz der Seriosit\u00e4t unseres Business lachen wir gerne \u2013 auch mal \u00fcber uns selbst.<\/span><\/p>\n                    <ul>\n                      <li><span style=\"color: rgb(1, 1, 1);\">Wir sind alle authentisch, jeder darf \u201eer selbst\u201c sein.<\/span><\/li>\n                      <li><span style=\"color: rgb(1, 1, 1);\">Wir haben&nbsp;<\/span><span style=\"color: rgb(1, 1, 1); font-weight: 600;\">flexible Vertrauensarbeitszeiten<\/span><span style=\"color: rgb(1, 1, 1);\">&nbsp;und die&nbsp;<\/span><span style=\"color: rgb(1, 1, 1); font-weight: 600;\">T\u00fcren stehen offen<\/span>\n                        <span\n                          style=\"color: rgb(1, 1, 1);\">.<\/span>\n                      <\/li>\n                      <li><span style=\"color: rgb(1, 1, 1);\">Bei uns gibt es&nbsp;<\/span><span style=\"color: rgb(1, 1, 1); font-weight: 600;\">Kaffee, Tee und Wasser umsonst<\/span><\/li>\n                      <li><span style=\"color: rgb(1, 1, 1);\">Die&nbsp;<\/span><span style=\"color: rgb(1, 1, 1); font-weight: 600;\">Anbindung an Bus und Bahn&nbsp;<\/span><span style=\"color: rgb(1, 1, 1);\">ist ausgezeichnet, auch nach Frankfurt<\/span><\/li>\n                    <\/ul>\n                    <p><span style=\"font-weight: 600; color: rgb(1, 1, 1);\">Wir bieten <\/span><span style=\"font-weight: 400; color: rgb(1, 1, 1);\">Dir:<\/span><\/p>\n                    <ul>\n                      <li><span style=\"color: rgb(1, 1, 1);\">Sehr attraktives Gehaltspaket mit Bonussysteme<\/span><\/li>\n                      <li><span style=\"color: rgb(1, 1, 1);\">Top Karrierechance bis in die Gesch\u00e4ftsleitung<\/span><\/li>\n                      <li><span style=\"color: rgb(1, 1, 1);\">Teambasierte Strukturen<\/span><\/li>\n                      <li><span style=\"color: rgb(1, 1, 1);\">Modernes und flexibles Arbeitsumfeld<\/span><\/li>\n                      <li><span style=\"color: rgb(1, 1, 1);\">zeitgem\u00e4\u00dfe IT, Software- und Hardware-Infrastruktur<\/span><\/li>\n                      <li><span style=\"color: rgb(1, 1, 1);\">Betriebliche Altersvorsorge<\/span><\/li>\n                    <\/ul>\n                    <p><span style=\"font-weight: 600; color: rgb(1, 1, 1);\">Bitte richte Deine vollst\u00e4ndige Bewerbung&nbsp;<\/span><span style=\"color: rgb(1, 1, 1);\">mit Beantwortung der nachfolgenden Fragen:<\/span><\/p>\n                    <ol>\n                      <li><span style=\"color: rgb(1, 1, 1);\">Wie wichtig ist Dir nachhaltiges Bauen?<\/span><\/li>\n                      <li><span style=\"color: rgb(1, 1, 1);\">Welche Art Projekt oder Auftr\u00e4ge hast Du bisher abgewickelt?<\/span><\/li>\n                      <li><span style=\"color: rgb(1, 1, 1);\">Wie viele Jahre hast Du bereits in der Projekt- bzw. Auftragsabwicklung gearbeitet?<\/span><\/li>\n                      <li><span style=\"color: rgb(1, 1, 1);\">Hattest Du bisher Ber\u00fchrungspunkte mit dem Modulbau?<\/span><\/li>\n                      <li><span style=\"color: rgb(1, 1, 1);\">Was findest Du an der ausgeschriebenen Aufgabenstellung und an Concept + Modul GmbH interessant?<\/span><\/li>\n                      <li><span style=\"color: rgb(1, 1, 1);\">Was muss Dir Dein Arbeitgeber bieten, damit Du zufrieden und motiviert bist?<\/span><\/li>\n                    <\/ol>\n                    <p><span style=\"color: rgb(1, 1, 1);\">inklusive Anschreiben, Lebenslauf und Zeugnisse&nbsp;<\/span><span style=\"color: rgb(1, 1, 1); font-weight: 600;\">per E-Mail an:<\/span><\/p>\n                    <p><span style=\"font-weight: 600; color: rgb(1, 1, 1);\">Michael M.R. Kr\u00e1tk\u00fd<\/span><\/p>\n                    <p><span style=\"color: rgb(1, 1, 1);\">Concept + Modul GmbH | Theodor-Heuss-Stra\u00dfe 38 | 61118 Bad Vilbel-Dortelweil Telefon: +49 6101 9979 788 | E-Mail: m.kratky@conceptundmodul.eu<\/span><\/p>\n                    <h5>\n                      <br>\n                    <\/h5>\n                    <p>\n                      <br>\n                    <\/p>\n                  <\/div>\n                <\/div>\n              <\/div>\n            <\/div>\n          <\/div>\n        <\/div>\n      <\/div>\n    <\/div>\n  <\/div>\n<\/div>","protected":false},"excerpt":{"rendered":"<p>Karriere im Holzmodul- \/ Elementbau Klimaneutrale Zukunft mitgestalten! Du hast Interesse an einer Top Karrierechance, bist qualit\u00e4tsbewusst und hast Freude daran, ergebnisorientiert im Team zu arbeiten? Dann sollten wir uns kennenlernen! Wir suchen einen Klimaverbesserer*in, der ein Faible f\u00fcr nachhaltige und energieeffiziente Bauma\u00dfnahmen im Modul\/Elementbau hat. Projektleiter*in Holzmodul- \/ Elementbau (m\/w\/d) Deine Aufgaben&nbsp;beinhalten Projektplanung und [&hellip;]<\/p>\n","protected":false},"author":1,"featured_media":0,"parent":0,"menu_order":0,"comment_status":"closed","ping_status":"closed","template":"page-templates\/full-width-page.php","meta":{"footnotes":""},"_links":{"self":[{"href":"http:\/\/www.acondo.eu\/index.php?rest_route=\/wp\/v2\/pages\/699"}],"collection":[{"href":"http:\/\/www.acondo.eu\/index.php?rest_route=\/wp\/v2\/pages"}],"about":[{"href":"http:\/\/www.acondo.eu\/index.php?rest_route=\/wp\/v2\/types\/page"}],"author":[{"embeddable":true,"href":"http:\/\/www.acondo.eu\/index.php?rest_route=\/wp\/v2\/users\/1"}],"replies":[{"embeddable":true,"href":"http:\/\/www.acondo.eu\/index.php?rest_route=%2Fwp%2Fv2%2Fcomments&post=699"}],"version-history":[{"count":20,"href":"http:\/\/www.acondo.eu\/index.php?rest_route=\/wp\/v2\/pages\/699\/revisions"}],"predecessor-version":[{"id":2180,"href":"http:\/\/www.acondo.eu\/index.php?rest_route=\/wp\/v2\/pages\/699\/revisions\/2180"}],"wp:attachment":[{"href":"http:\/\/www.acondo.eu\/index.php?rest_route=%2Fwp%2Fv2%2Fmedia&parent=699"}],"curies":[{"name":"wp","href":"https:\/\/api.w.org\/{rel}","templated":true}]}}